{"id":60,"date":"2011-02-08T14:35:56","date_gmt":"2011-02-08T14:35:56","guid":{"rendered":"http:\/\/petrabusch.wordpress.com\/?page_id=60"},"modified":"2012-09-24T00:06:50","modified_gmt":"2012-09-23T22:06:50","slug":"der-wattlaufer","status":"publish","type":"page","link":"https:\/\/www.petra-busch.de\/pb\/?page_id=60","title":{"rendered":"Der Wattl\u00e4ufer"},"content":{"rendered":"<p><a href=\"http:\/\/www.petra-busch.de\/pb\/wp-content\/uploads\/2011\/02\/Deichleichzen-250px-hoch.jpg\"><img decoding=\"async\" loading=\"lazy\" class=\"alignleft size-full wp-image-411\" title=\"Cover &quot;Deichleichen&quot;\" src=\"http:\/\/www.petra-busch.de\/pb\/wp-content\/uploads\/2011\/02\/Deichleichzen-250px-hoch.jpg\" alt=\"\" width=\"169\" height=\"250\" \/><\/a>Raubtierpflegerin Fentje liebt ihre L\u00f6wen, das Lachen der Kinder im Zoo Jaderpark und ihr H\u00e4uschen am Deich. Als Tiere aus dem Streichelzoo grausam verst\u00fcmmelt in ihrer Futterk\u00fcche liegen, glaubt die junge Frau sich bedroht. Doch ihre Begr\u00fcndung ist so abstrus, dass weder Kollegen noch Polizei sie ernst nehmen. Nur <strong>&#8222;Der Wattl\u00e4ufer&#8220;<\/strong> kennt die schreckliche Wahrheit. Und der verfolgt einen perfiden Plan \u2026<\/p>\n<p>&nbsp;<\/p>\n<p>&nbsp;<\/p>\n<p><strong>Regine K\u00f6lpin (Hg.): Deichleichen.<\/strong> Friesisch herbe Kurzkrimis vom Jadebusen bis zum Dollart<br \/>\n<strong>Taschenbuch:<\/strong> 260 Seiten<br \/>\n<strong>Verlag: <\/strong>KBV (April 2011)<br \/>\n<strong>ISBN:<\/strong> 978-3942446037<br \/>\n<strong> <\/strong><strong>Preis:<\/strong> 9,99 Euro<\/p>\n<p><a href=\"http:\/\/www.amazon.de\/gp\/product\/3942446030\/ref=s9_simh_gw_p14_d0_i1?pf_rd_m=A3JWKAKR8XB7XF&amp;pf_rd_s=center-1&amp;pf_rd_r=0HN9GC4TKCZ52JZECAF3&amp;pf_rd_t=101&amp;pf_rd_p=463375193&amp;pf_rd_i=301128\" target=\"_blank\"><span style=\"color: #888888;\">Buch bestellen<\/span><\/a><\/p>\n","protected":false},"excerpt":{"rendered":"<p>Raubtierpflegerin Fentje liebt ihre L\u00f6wen, das Lachen der Kinder im Zoo Jaderpark und ihr H\u00e4uschen am Deich. Als Tiere aus dem Streichelzoo grausam verst\u00fcmmelt in ihrer Futterk\u00fcche liegen, glaubt die junge Frau sich bedroht. Doch ihre Begr\u00fcndung ist so abstrus, dass weder Kollegen noch Polizei sie ernst nehmen. Nur &#8222;Der Wattl\u00e4ufer&#8220; kennt die schreckliche Wahrheit. [&hellip;]<\/p>\n","protected":false},"author":1212,"featured_media":0,"parent":39,"menu_order":18,"comment_status":"closed","ping_status":"closed","template":"","meta":[],"_links":{"self":[{"href":"https:\/\/www.petra-busch.de\/pb\/index.php?rest_route=\/wp\/v2\/pages\/60"}],"collection":[{"href":"https:\/\/www.petra-busch.de\/pb\/index.php?rest_route=\/wp\/v2\/pages"}],"about":[{"href":"https:\/\/www.petra-busch.de\/pb\/index.php?rest_route=\/wp\/v2\/types\/page"}],"author":[{"embeddable":true,"href":"https:\/\/www.petra-busch.de\/pb\/index.php?rest_route=\/wp\/v2\/users\/1212"}],"replies":[{"embeddable":true,"href":"https:\/\/www.petra-busch.de\/pb\/index.php?rest_route=%2Fwp%2Fv2%2Fcomments&post=60"}],"version-history":[{"count":16,"href":"https:\/\/www.petra-busch.de\/pb\/index.php?rest_route=\/wp\/v2\/pages\/60\/revisions"}],"predecessor-version":[{"id":413,"href":"https:\/\/www.petra-busch.de\/pb\/index.php?rest_route=\/wp\/v2\/pages\/60\/revisions\/413"}],"up":[{"embeddable":true,"href":"https:\/\/www.petra-busch.de\/pb\/index.php?rest_route=\/wp\/v2\/pages\/39"}],"wp:attachment":[{"href":"https:\/\/www.petra-busch.de\/pb\/index.php?rest_route=%2Fwp%2Fv2%2Fmedia&parent=60"}],"curies":[{"name":"wp","href":"https:\/\/api.w.org\/{rel}","templated":true}]}}