{"id":58,"date":"2011-02-08T14:35:17","date_gmt":"2011-02-08T14:35:17","guid":{"rendered":"http:\/\/petrabusch.wordpress.com\/?page_id=58"},"modified":"2013-05-18T22:47:15","modified_gmt":"2013-05-18T20:47:15","slug":"die-klobalisierte-welt","status":"publish","type":"page","link":"https:\/\/www.petra-busch.de\/pb\/?page_id=58","title":{"rendered":"Die klobalisierte Welt"},"content":{"rendered":"<p><a href=\"http:\/\/www.petra-busch.de\/pb\/wp-content\/uploads\/2011\/02\/MfO-Cover-klein.jpg\"><img decoding=\"async\" loading=\"lazy\" class=\"alignleft size-full wp-image-409\" title=\"Cover &quot;M\u00f6rdchen f\u00fcrs \u00d6rtchen&quot;\" alt=\"\" src=\"http:\/\/www.petra-busch.de\/pb\/wp-content\/uploads\/2011\/02\/MfO-Cover-klein.jpg\" width=\"169\" height=\"250\" \/><\/a>T\u00f6dliche Sitzungen in China. Anr\u00fcchige Gesch\u00e4fte auf deutschen Autobahnen. M\u00f6rderische Hinterlassenschaften auf der Luxusyacht, in r\u00f6mischen Latrinen, teuflischen Herzh\u00e4uschen und g\u00f6ttlichen Nachtt\u00f6pfen, im Kaufhaus, Kuhstall, Dixi-Klo\u00a0\u2026<\/p>\n<p>42 Krimigr\u00f6\u00dfen setzen Beschwernissen und Peinlichkeiten dort ein Ende, wo die Welt sich in \u201eKn\u00fcller\u201c und \u201eFalter\u201c spaltet: auf dem stillen \u00d6rtchen. Mal schreiben sie b\u00f6se, mal witzig-skurril, die eine im Sitzen, der andere im Stehen \u2013 aber immer kurzweilig: Denn bekanntlich greift der gesch\u00e4ftige Leser hinter verschlossenen T\u00fcren gern zur kleinen Lekt\u00fcre \u2013 zum <strong><strong>\u201eM\u00f6rdchen f\u00fcrs \u00d6rtchen\u201c<\/strong>. <\/strong>Die Story von Petra Busch \u2013 gleichzeitig Herausgeberin:<strong> &#8222;Die klobalisierte Welt&#8220;<\/strong>. In der praktiziert ein seltsames Paar seltsame Liebesspiele an seltsamen Orten \u2026<strong><br \/>\n<\/strong><\/p>\n<p><strong>Die Autorinnen und Autoren:<\/strong><\/p>\n<p>Nessa Altura, Mischa Bach, Richard Birkefeld, Ulrike Bliefert, Michael Bohnert, Petra Busch, Oliver Buslau, Carola Clasen, J\u00fcrgen Ehlers, Angela E\u00dfer, Anke Gebert, Nina George, Gunter Gerlach &amp; Ula Michalowski, Peter Godazgar, Lisa Graf-Riemann, Edwin Haberfellner, Gisbert Haefs, Karola Hagemann, Uta-Maria Heim, Silvija Hinzmann, Thomas Kastura, Amelie Kirsch, Regine K\u00f6lpin, Ralf Kramp, Barbara Krohn, Beatrix Kramlovsky, Tatjana Kruse, Paul Lascaux, Judith Merchant, Elke Pistor, Petra Plaum, Jutta Profijt, Britt Rei\u00dfmann, Claudia Rossbacher, Jobst Schlennstedt, Anna Schneider, Stefan Slupetzky, Klaus Stickelbroeck, Ilka Stitz, Susanne Mischke, Regula Venske.<strong><\/strong><\/p>\n<p><strong>Petra Busch (Hg.): M\u00f6rdchen f\u00fcrs \u00d6rtchen.<\/strong> Kurzkrimis f\u00fcr Gesch\u00e4ftige<br \/>\n<strong>Taschenbuch:<\/strong> 316 Seiten<br \/>\n<strong>Verlag: <\/strong>KBV (M\u00e4rz 2011)<br \/>\n<strong>ISBN:<\/strong> 978-3942446099<br \/>\n<strong> <\/strong><strong>Preis:<\/strong> 9,99 Euro<\/p>\n<p><a href=\"http:\/\/www.amazon.de\/gp\/product\/394244609X\/ref=s9_simh_gw_p14_d0_i1?pf_rd_m=A3JWKAKR8XB7XF&amp;pf_rd_s=center-2&amp;pf_rd_r=0G7HVK898E4FXH15T1KZ&amp;pf_rd_t=101&amp;pf_rd_p=463375173&amp;pf_rd_i=301128\" target=\"_blank\"><span style=\"color: #888888;\">Buch bestellen<\/span><\/a><\/p>\n<p><span style=\"color: #888888;\"><a href=\"http:\/\/cm.abcatalog.net\/center\/cm\/cm_cm.php?djMxNTY9NTcxMDM2MDEwOSZ2NzM3Nj05NzgzOTQyNDQ2MDk5JnY4MzEyPUZsYXNoY292ZXI=\" target=\"_blank\">Inhaltsverzeichnis, Vorwort und Autoren-Kurzbiografien lesen<br \/>\n<\/a><\/span><\/p>\n<p><span style=\"color: #888888;\"><a href=\"http:\/\/cm.abcatalog.net\/center\/cm\/cm_cm.php?djMxNTY9NTcxMDM2MDEwOSZ2NzM3Nj05NzgzOTQyNDQ2MDk5JnY4MzEyPUZsYXNoY292ZXI=\" target=\"_blank\"><br \/>\n<\/a><\/span><span style=\"color: #888888;\"><strong>Auszug aus dem Buch: VORWORT zu &#8222;M\u00f6rdchen f\u00fcrs \u00d6rtchen:<\/strong><\/span><\/p>\n<p><span style=\"color: #888888;\">&#8222;Ich wette, Sie sind gerade ziemlich gesch\u00e4ftig \u2013 und erleichtert, dort ein paar Minuten ganz f\u00fcr sich zu haben, wo die Welt sich in \u201eKn\u00fcller\u201c und \u201eFalter\u201c spaltet. Wo Sie gern zur kurzweiligen Spannungslekt\u00fcre greifen. Und wo mich vor ein paar Monaten die Idee zu dieser Geschichtensammlung \u00fcberfallen hat: auf dem stillen \u00d6rtchen.\u00a0<\/span><\/p>\n<p><span style=\"color: #888888;\">Hochsommer. Autobahn. Nichts geht mehr: stehende Luft, stehende Fahrzeuge. Nat\u00fcrlich habe ich irgendwann Bed\u00fcrfnisse. Ist ja menschlich, doch irgendwann auch kriminell: Dann n\u00e4mlich, wenn sich nach Stunden noch immer nichts bewegt \u2013 au\u00dfer in Blase und Darm. Welche Erl\u00f6sung ist da der Schriftzug <i>Rastst\u00e4tte<\/i>. Und welcher Schock mein m\u00fcnzloser Geldbeutel, als ich Sekunden sp\u00e4ter trippelnd vor dem Drehkreuz zum Toiletteneingang stehe und mich nicht nur ein M\u00fcnzschlitz h\u00e4misch angrinst, sondern auch der zahnlose Mann im mintgr\u00fcnen Kittel, auf dessen schmaler Brust fett <i>Ihr<\/i> <i>freundlicher<\/i> <i>Service<\/i> prangt. Mit seinem triefnassen Mopp wischt er gelassen \u00fcber meine F\u00fc\u00dfe und nuschelt: \u201eSchmei\u00dfe Geld rein.\u201c Ich sch\u00fcttle demonstrativ und verkehrt herum die B\u00f6rse unter seinem Schnauzbart. Mein freundlicher Service entbl\u00f6\u00dft l\u00e4chelnd zwei letzte Zahnst\u00fcmpfe, nickt, wischt. Wasser l\u00e4uft in meine Sandalen. Nicht mehr lange, und das Wasser w\u00fcrde auch an andern Stellen bei mir triefen. Mein freundlicher Service putzt drei Fliesenreihen weiter. Ich klettere \u00fcber das Drehkreuz. Sp\u00fcre die Hand, die mein T-Shirt grob im R\u00fccken packt. \u201eSchmei\u00dfe Geld rein!\u201c Ich rei\u00dfe mich los, fl\u00fcchte nach vorn, verriegle die T\u00fcr \u2013 und lasse die Hosen runter. \u201eGeld\u201c, bollert es an die T\u00fcr, und darunter kommen nasse Fransen auf mich zu. Pl\u00f6tzlich ist mir nach etwas ganz B\u00f6sem zumute. Den Mopp zur Waffe machen? Den Mann mit Papierhandt\u00fcchern knebeln? Ich sp\u00fcle. Muss das jetzt hinter mich bringen. Schlie\u00dfe auf \u2013 und stehe einem Pulk gackernder Omas gegen\u00fcber. Eindeutig zu viele Zeuginnen. Ein Gl\u00fcckstag f\u00fcr meinen freundlichen Service.\u00a0<\/span><\/p>\n<p><span style=\"color: #888888;\">Noch im Auto beschlie\u00dfe ich, das Trauma literarisch zu verarbeiten und poste auf Facebook die Statusmeldung: \u201eHabe wegen 50 Cent gerade einen Beinahe-Mord auf dem \u00d6rtchen begangen.\u201c Als ich zwei Stunden sp\u00e4ter vor dem Hotel parke, habe ich bereits sieben Zusagen von Autorinnen und Autoren. Und wei\u00df: Nicht nur ich verbinde mit dem Lokus kriminelle Erlebnisse und Phantasien. Und die halten Sie jetzt in H\u00e4nden: zweiundvierzig b\u00f6se, phantastische, witzig-skurrile M\u00f6rdchen im Umfang je einer Sitzungsl\u00e4nge.<\/span><\/p>\n<p><span style=\"color: #888888;\">Haben Sie also die T\u00fcr gut verriegelt? Gepr\u00fcft, ob ums Eck nicht ein freundlicher Service lauert und Ihnen eins auswischen will? Ein Spanner von oben \u00fcber die Trennwand schielt? Kein Dieb unter der T\u00fcr durchgreifen und Ihnen das Buch aus den H\u00e4nden rei\u00dfen kann\u00a0\u2026? Dann lesen Sie los: von t\u00f6dlichen Sitzungen in Japan und anr\u00fcchigen Gesch\u00e4ften auf sechssitzigen Wildwest-Plumpsklos. Von Hinterlassenschaften auf der Pr\u00e4sidentenyacht, in antiken Latrinen, teuflischen Herzh\u00e4uschen und im Nachttopf Gottes. Von Beschwernissen fanatischer Klopapiersammler, eifers\u00fcchtiger Kater, schw\u00e4bischer Zugtoiletten-Putzfrauen, ostfriesischer Kuhstallbesitzer, Friedhofsbesucher\u00a0\u2026\u00a0<\/span><\/p>\n<p><span style=\"color: #888888;\">Kurzweiliges Vergn\u00fcgen w\u00fcnscht Ihnen<\/span><\/p>\n<p><span style=\"color: #888888;\">Petra Busch<\/span><\/p>\n<p><span style=\"color: #888888;\">Im Februar 2011&#8243;<\/span><\/p>\n<p>&nbsp;<\/p>\n","protected":false},"excerpt":{"rendered":"<p>T\u00f6dliche Sitzungen in China. Anr\u00fcchige Gesch\u00e4fte auf deutschen Autobahnen. M\u00f6rderische Hinterlassenschaften auf der Luxusyacht, in r\u00f6mischen Latrinen, teuflischen Herzh\u00e4uschen und g\u00f6ttlichen Nachtt\u00f6pfen, im Kaufhaus, Kuhstall, Dixi-Klo\u00a0\u2026 42 Krimigr\u00f6\u00dfen setzen Beschwernissen und Peinlichkeiten dort ein Ende, wo die Welt sich in \u201eKn\u00fcller\u201c und \u201eFalter\u201c spaltet: auf dem stillen \u00d6rtchen. Mal schreiben sie b\u00f6se, mal witzig-skurril, die [&hellip;]<\/p>\n","protected":false},"author":1212,"featured_media":0,"parent":39,"menu_order":19,"comment_status":"closed","ping_status":"closed","template":"","meta":[],"_links":{"self":[{"href":"https:\/\/www.petra-busch.de\/pb\/index.php?rest_route=\/wp\/v2\/pages\/58"}],"collection":[{"href":"https:\/\/www.petra-busch.de\/pb\/index.php?rest_route=\/wp\/v2\/pages"}],"about":[{"href":"https:\/\/www.petra-busch.de\/pb\/index.php?rest_route=\/wp\/v2\/types\/page"}],"author":[{"embeddable":true,"href":"https:\/\/www.petra-busch.de\/pb\/index.php?rest_route=\/wp\/v2\/users\/1212"}],"replies":[{"embeddable":true,"href":"https:\/\/www.petra-busch.de\/pb\/index.php?rest_route=%2Fwp%2Fv2%2Fcomments&post=58"}],"version-history":[{"count":14,"href":"https:\/\/www.petra-busch.de\/pb\/index.php?rest_route=\/wp\/v2\/pages\/58\/revisions"}],"predecessor-version":[{"id":2054,"href":"https:\/\/www.petra-busch.de\/pb\/index.php?rest_route=\/wp\/v2\/pages\/58\/revisions\/2054"}],"up":[{"embeddable":true,"href":"https:\/\/www.petra-busch.de\/pb\/index.php?rest_route=\/wp\/v2\/pages\/39"}],"wp:attachment":[{"href":"https:\/\/www.petra-busch.de\/pb\/index.php?rest_route=%2Fwp%2Fv2%2Fmedia&parent=58"}],"curies":[{"name":"wp","href":"https:\/\/api.w.org\/{rel}","templated":true}]}}