{"id":2638,"date":"2017-06-27T17:32:34","date_gmt":"2017-06-27T15:32:34","guid":{"rendered":"http:\/\/www.petra-busch.de\/pb\/?page_id=2638"},"modified":"2017-10-07T17:39:29","modified_gmt":"2017-10-07T15:39:29","slug":"deine-seele-so-schwarz","status":"publish","type":"page","link":"https:\/\/www.petra-busch.de\/pb\/?page_id=2638","title":{"rendered":"Deine Seele so schwarz"},"content":{"rendered":"<p><strong>Fall vier f\u00fcr Hauptkommissar Moritz Ehrlinspiel und sein Team.<\/strong><\/p>\n<p><a href=\"http:\/\/www.petra-busch.de\/pb\/wp-content\/uploads\/2017\/06\/Cover_Busch-Deine_Seele_so_schwarz.jpg\"><img decoding=\"async\" loading=\"lazy\" class=\"alignleft size-full wp-image-2640\" src=\"http:\/\/www.petra-busch.de\/pb\/wp-content\/uploads\/2017\/06\/Cover_Busch-Deine_Seele_so_schwarz.jpg\" alt=\"Cover_Busch-Deine_Seele_so_schwarz\" width=\"165\" height=\"250\" \/><\/a>In einer Sommernacht kommt die Witwe Edith Felber ums Leben, als w\u00e4hrend eines Unwetters das Dach ihrer Werkstatt einst\u00fcrzt und sie unter sich begr\u00e4bt. Ihr Sohn, der Kriminaltechniker Lukas Felber, und <span style=\"color: #000000;\">dessen sensible Schwester Sarah sind schockiert. Erst recht, als sich der Tod der Mutter als Mord entpuppt.<\/span><\/p>\n<div><span style=\"color: #000000;\">Hauptkommissar Ehrlinspiel leitet die Ermittlungen, ihm zur Seite steht Karolina Baumann, die neue Konfliktberaterin im Polizeiteam. Als die beiden tiefer in die Familiengeschichte der Felbers dringen, ger\u00e4t ihr Kollege Lukas ins Zwielicht. Auch Baumann wei\u00df mehr als die Kollegen. Als sie sich Lukas anvertraut, gibt es einen weiteren Todesfall \u2026<\/span><\/div>\n<p><span style=\"color: #808080;\"><strong>Pressestimmen:<\/strong><\/span><\/p>\n<p><span style=\"color: #808080;\">&#8222;Petra Busch hat das Zeug zur gro\u00dfen deutschen Dame des Verbrechens.&#8220; (<i>Badisches Tagblatt)<\/i><\/span><\/p>\n<p><span style=\"color: #808080;\">&#8222;<span id=\"gmail-__mceDel\">Petra Busch z\u00e4hlt zweifellos zu Deutschlands besten Krimiautoren \u2013 und ihre Romane sind einfach der Hammer.&#8220;<\/span><i><span id=\"gmail-__mceDel\">\u00a0(Literaturmarkt.info)<\/span><\/i><strong><br \/>\n<\/strong><\/span><\/p>\n<p><span style=\"color: #808080;\">&#8222;Letztlich geht es um gro\u00dfe Lieben und Leidenschaften, und von diesen Dingen erz\u00e4hlt Petra Busch spannend und einf\u00fchlsam.&#8220; (<em>S\u00fcddeutsche Zeitung)<\/em><\/span><\/p>\n<p><span style=\"color: #808080;\">&#8222;So einf\u00fchlsam und genau wie Petra Busch erz\u00e4hlt im Augenblick keine andere deutsche Autorin von Verbrechen und Mord.&#8220; (<em>WDR<\/em>)<\/span><\/p>\n<p>&nbsp;<\/p>\n<p><strong><span style=\"color: #000000;\">Taschenbuch &amp; Knaur eBook (Kindle):<\/span><\/strong><span style=\"color: #000000;\"> 448 Seiten<\/span><strong style=\"color: #000000;\"><br \/>\nVerlag:<\/strong><span style=\"color: #000000;\"> Droemer Knaur (2. November 2017) <\/span><strong style=\"color: #000000;\"><br \/>\nISBN Taschenbuch:<\/strong><span style=\"color: #000000;\">\u00a0978-3426521304<br \/>\n<\/span><b>ASIN:<\/b> B06Y25KP3S<br \/>\n<strong>Preis:<\/strong> 9,99 Euro<\/p>\n<p><a href=\"https:\/\/www.amazon.de\/Deine-Seele-so-schwarz-Kriminalroman\/dp\/342652130X\/ref=tmm_pap_swatch_0?_encoding=UTF8&amp;qid=1498577046&amp;sr=8-1\" target=\"_blank\">Taschenbuch bestellen<br \/>\n<\/a><a href=\"https:\/\/www.amazon.de\/Deine-Seele-so-schwarz-Kriminalroman-ebook\/dp\/B06Y25KP3S\/ref=tmm_kin_swatch_0?_encoding=UTF8&amp;qid=1498577046&amp;sr=8-1\" target=\"_blank\">E-Book kaufen<br \/>\n<\/a><\/p>\n<p>&nbsp;<\/p>\n","protected":false},"excerpt":{"rendered":"<p>Fall vier f\u00fcr Hauptkommissar Moritz Ehrlinspiel und sein Team. In einer Sommernacht kommt die Witwe Edith Felber ums Leben, als w\u00e4hrend eines Unwetters das Dach ihrer Werkstatt einst\u00fcrzt und sie unter sich begr\u00e4bt. Ihr Sohn, der Kriminaltechniker Lukas Felber, und dessen sensible Schwester Sarah sind schockiert. Erst recht, als sich der Tod der Mutter als [&hellip;]<\/p>\n","protected":false},"author":1212,"featured_media":0,"parent":35,"menu_order":6,"comment_status":"closed","ping_status":"closed","template":"","meta":[],"_links":{"self":[{"href":"https:\/\/www.petra-busch.de\/pb\/index.php?rest_route=\/wp\/v2\/pages\/2638"}],"collection":[{"href":"https:\/\/www.petra-busch.de\/pb\/index.php?rest_route=\/wp\/v2\/pages"}],"about":[{"href":"https:\/\/www.petra-busch.de\/pb\/index.php?rest_route=\/wp\/v2\/types\/page"}],"author":[{"embeddable":true,"href":"https:\/\/www.petra-busch.de\/pb\/index.php?rest_route=\/wp\/v2\/users\/1212"}],"replies":[{"embeddable":true,"href":"https:\/\/www.petra-busch.de\/pb\/index.php?rest_route=%2Fwp%2Fv2%2Fcomments&post=2638"}],"version-history":[{"count":5,"href":"https:\/\/www.petra-busch.de\/pb\/index.php?rest_route=\/wp\/v2\/pages\/2638\/revisions"}],"predecessor-version":[{"id":2690,"href":"https:\/\/www.petra-busch.de\/pb\/index.php?rest_route=\/wp\/v2\/pages\/2638\/revisions\/2690"}],"up":[{"embeddable":true,"href":"https:\/\/www.petra-busch.de\/pb\/index.php?rest_route=\/wp\/v2\/pages\/35"}],"wp:attachment":[{"href":"https:\/\/www.petra-busch.de\/pb\/index.php?rest_route=%2Fwp%2Fv2%2Fmedia&parent=2638"}],"curies":[{"name":"wp","href":"https:\/\/api.w.org\/{rel}","templated":true}]}}