{"id":2541,"date":"2015-10-26T17:18:37","date_gmt":"2015-10-26T16:18:37","guid":{"rendered":"http:\/\/www.petra-busch.de\/pb\/?page_id=2541"},"modified":"2015-11-25T16:00:43","modified_gmt":"2015-11-25T15:00:43","slug":"neonlichtlandschaft","status":"publish","type":"page","link":"https:\/\/www.petra-busch.de\/pb\/?page_id=2541","title":{"rendered":"Neonlichtlandschaft"},"content":{"rendered":"<p><a href=\"http:\/\/www.petra-busch.de\/pb\/wp-content\/uploads\/2015\/10\/Cover_Tuerchen-Tod-Tannenbaum.jpg\"><img decoding=\"async\" loading=\"lazy\" class=\"alignleft size-medium wp-image-2546\" src=\"http:\/\/www.petra-busch.de\/pb\/wp-content\/uploads\/2015\/10\/Cover_Tuerchen-Tod-Tannenbaum-197x300.jpg\" alt=\"Cover_Tuerchen-Tod+Tannenbaum\" width=\"197\" height=\"300\" srcset=\"https:\/\/www.petra-busch.de\/pb\/wp-content\/uploads\/2015\/10\/Cover_Tuerchen-Tod-Tannenbaum-197x300.jpg 197w, https:\/\/www.petra-busch.de\/pb\/wp-content\/uploads\/2015\/10\/Cover_Tuerchen-Tod-Tannenbaum.jpg 329w\" sizes=\"(max-width: 197px) 100vw, 197px\" \/><\/a>Von Ostfriesland bis S\u00fcdtirol\u00a0wird wieder weihnachtlich vergiftet, erdrosselt, aufgespie\u00dft, gemeuchelt und verscharrt. Und das gleich 24 Mal.\u00a0So ist der Kurzkrimi-Sammelband\u00a0<strong>T\u00fcrchen, Tod und Tannenbaum<\/strong>\u00a0zugleich ein m\u00f6rderischer Adventskalender.<\/p>\n<p><strong>&#8222;Neonlichtlandschaft&#8220;\u00a0<\/strong>\u2013 so hat Petra Busch ihre Geschichte betitelt. Denn so hat Betty in dieser das Bistro immer genannt, das jetzt, im der\u00a0verregnet-trostlosen Heiligennacht, grellbunt erleuchtet zwischen verlassenen\u00a0Lagerhallen und B\u00fcrogeb\u00e4uden liegt. Wie ein verirrtes Ufo. Und emotionslos\u00a0wie der Mann, der sich ihm auf Kr\u00fccken n\u00e4hert. <em>Klack, klack. Klack, klack<\/em>. Dann sitzt er an dem Tisch, den er immer mit Betty geteilt hat. Das kleine Herz noch immer in der abgeplatzten Resopalplatte eingeritzt. Er ist der\u00a0einzige Gast. Entschlossen,\u00a0sich das zu holen, was ihm geh\u00f6rt: das M\u00e4dchen hinter dem Tresen, mit dem ihn diese eine\u00a0Schicksalsnacht verbindet. Doch das M\u00e4dchen\u00a0hat ihn l\u00e4ngst vergessen und ist\u00a0keineswegs bereit, ihm zu folgen\u00a0\u2026<\/p>\n<p><strong>Autorinnen und Autoren<\/strong>\u00a0(in Reihenfolge der Storys): Sven Koch, Oliver M\u00e9nard, Thomas Kastura, Gisa Pauly, Su Turhan, Petra Busch, Gert Anhalt, Jean Bagnol, Stefan Haenni, Tatjana Kruse, Jutta Maria Herrmann, Claudia Toman, Helga Beyersd\u00f6rfer, Romy F\u00f6lck, Veit Etzold, Claudio Michele Mancini, Regine K\u00f6lpin, Thomas Nommensen, Franz Zeller, Christiane Franke, Friedrich Ani, Nicola F\u00f6rg und Daniel Holbe.<\/p>\n<p><strong>Emily\u00a0Mokick (Hg.):\u00a0T\u00fcrchen Tod und Tannenbaum.\u00a024 Weihnachtskrimis von Ostfriesland\u00a0bis S\u00fcdtirol.<\/strong><\/p>\n<p><strong>Taschenbuch\u00a0<\/strong>(416 Seiten) und\u00a0<strong>eBook<\/strong><strong><br \/>\nVerlag:\u00a0<\/strong>Knaur \u00a0(1. Oktober 2015)<strong><br \/>\n<\/strong><strong>ISBN TB<\/strong>: 978-3426518151<br \/>\n<strong>ISBN\u00a0eBook<\/strong>: 978-3-426-43545-8<br \/>\n<strong>Preis:<\/strong>\u00a09,99 \u20ac<\/p>\n<p><a href=\"http:\/\/www.droemer-knaur.de\/buch\/8572048\/tuerchen-tod-und-tannenbaum\" target=\"_blank\">T\u00fcrchen, Tod und Tannenbaum bestellen (TB)<br \/>\n<\/a><a href=\"http:\/\/www.droemer-knaur.de\/ebooks\/8572050\/tuerchen-tod-und-tannenbaum\" target=\"_blank\">eBook kaufen\/herunterladen\u00a0<\/a><\/p>\n","protected":false},"excerpt":{"rendered":"<p>Von Ostfriesland bis S\u00fcdtirol\u00a0wird wieder weihnachtlich vergiftet, erdrosselt, aufgespie\u00dft, gemeuchelt und verscharrt. Und das gleich 24 Mal.\u00a0So ist der Kurzkrimi-Sammelband\u00a0T\u00fcrchen, Tod und Tannenbaum\u00a0zugleich ein m\u00f6rderischer Adventskalender. &#8222;Neonlichtlandschaft&#8220;\u00a0\u2013 so hat Petra Busch ihre Geschichte betitelt. Denn so hat Betty in dieser das Bistro immer genannt, das jetzt, im der\u00a0verregnet-trostlosen Heiligennacht, grellbunt erleuchtet zwischen verlassenen\u00a0Lagerhallen und B\u00fcrogeb\u00e4uden [&hellip;]<\/p>\n","protected":false},"author":1212,"featured_media":0,"parent":39,"menu_order":7,"comment_status":"closed","ping_status":"closed","template":"","meta":[],"_links":{"self":[{"href":"https:\/\/www.petra-busch.de\/pb\/index.php?rest_route=\/wp\/v2\/pages\/2541"}],"collection":[{"href":"https:\/\/www.petra-busch.de\/pb\/index.php?rest_route=\/wp\/v2\/pages"}],"about":[{"href":"https:\/\/www.petra-busch.de\/pb\/index.php?rest_route=\/wp\/v2\/types\/page"}],"author":[{"embeddable":true,"href":"https:\/\/www.petra-busch.de\/pb\/index.php?rest_route=\/wp\/v2\/users\/1212"}],"replies":[{"embeddable":true,"href":"https:\/\/www.petra-busch.de\/pb\/index.php?rest_route=%2Fwp%2Fv2%2Fcomments&post=2541"}],"version-history":[{"count":8,"href":"https:\/\/www.petra-busch.de\/pb\/index.php?rest_route=\/wp\/v2\/pages\/2541\/revisions"}],"predecessor-version":[{"id":2559,"href":"https:\/\/www.petra-busch.de\/pb\/index.php?rest_route=\/wp\/v2\/pages\/2541\/revisions\/2559"}],"up":[{"embeddable":true,"href":"https:\/\/www.petra-busch.de\/pb\/index.php?rest_route=\/wp\/v2\/pages\/39"}],"wp:attachment":[{"href":"https:\/\/www.petra-busch.de\/pb\/index.php?rest_route=%2Fwp%2Fv2%2Fmedia&parent=2541"}],"curies":[{"name":"wp","href":"https:\/\/api.w.org\/{rel}","templated":true}]}}