{"id":2348,"date":"2014-09-24T16:54:11","date_gmt":"2014-09-24T14:54:11","guid":{"rendered":"http:\/\/www.petra-busch.de\/pb\/?page_id=2348"},"modified":"2014-11-21T19:43:18","modified_gmt":"2014-11-21T18:43:18","slug":"2348-2","status":"publish","type":"page","link":"https:\/\/www.petra-busch.de\/pb\/?page_id=2348","title":{"rendered":"Die Endzeit"},"content":{"rendered":"<p><a href=\"http:\/\/www.petra-busch.de\/pb\/wp-content\/uploads\/2014\/07\/Cover-Tod+Tofu-web.jpg\"><img decoding=\"async\" loading=\"lazy\" class=\"alignleft size-full wp-image-2304\" src=\"http:\/\/www.petra-busch.de\/pb\/wp-content\/uploads\/2014\/07\/Cover-Tod+Tofu-web.jpg\" alt=\"Cover der Anthologie Tod und Tofu\" width=\"168\" height=\"250\" \/><\/a>Simon Goldt, Bestsellerautor, Meister der Liebe und Ex-Psychiatriepatient mit Wahnvorstellungen, hat sich ins beschauliche Schreibasyl zur\u00fcckgezogen. Doch mit der Arbeit kommt er nicht recht voran \u2013 glaubt er doch, der eine oder andere Dorfbewohner verschwinde, und die honigs\u00fc\u00df duftenden G\u00e4rten rund um den Ort w\u00fcrden enger und enger und verdr\u00e4ngten die H\u00e4user. Dass er seine Tabletten nicht regelm\u00e4\u00dfig nimmt, befl\u00fcgelt seine Phantasie, und dann ist er sicher:\u00a0<strong>Die Endzeit <\/strong>steht direkt vor der T\u00fcr seines Appartements \u2026<\/p>\n<p><strong>In:\u00a0<\/strong><strong>Elke Pistor \u00a0(Hg.):\u00a0<strong>Tod &amp; Tofu<br \/>\n<\/strong><\/strong>Mit 26 Geschichten von (in Reihenfolge der Storys): Sabine Trinkaus, Ralf Kramp, Ulla Lessmann, Thomas Kastura, Almuth Heuner, Carsten Sebastian Henn, Christiane Franke, Christiane Dieckerhoff, Klaus Stickelbroeck, Oliver Buslau, Sunil Mann, Rudi Jagusch, Guido M. Breuer, Tatjana Kruse, Regine K\u00f6lpin, Richard Birkefeld, G\u00fcnther Th\u00f6mmes, Regina Schleheck, Eva Lirot, KArr &amp; Wehner, Sofia Glass, Nadine Buranaseda, Petra Busch, Elke Pistor, Hughes Schlueter, Mischa Bach.<\/p>\n<p><strong>Taschenbuch\u00a0<\/strong>(300 Seiten)<br \/>\n<strong>Verlag:<\/strong>\u00a0KBV (8. Oktober 2014)<br \/>\n<strong>ISBN:\u00a0<\/strong>978-3-95441-184-9<br \/>\n<strong>Preis:<\/strong>\u00a09,90 \u20ac<\/p>\n<p><a href=\"http:\/\/www.kbv-verlag.de\/detail.html?id=287&amp;bid=117&amp;bs=autorendetail\" target=\"_blank\">Taschenbuch\u00a0bestellen<\/a><\/p>\n","protected":false},"excerpt":{"rendered":"<p>Simon Goldt, Bestsellerautor, Meister der Liebe und Ex-Psychiatriepatient mit Wahnvorstellungen, hat sich ins beschauliche Schreibasyl zur\u00fcckgezogen. Doch mit der Arbeit kommt er nicht recht voran \u2013 glaubt er doch, der eine oder andere Dorfbewohner verschwinde, und die honigs\u00fc\u00df duftenden G\u00e4rten rund um den Ort w\u00fcrden enger und enger und verdr\u00e4ngten die H\u00e4user. Dass er seine [&hellip;]<\/p>\n","protected":false},"author":1212,"featured_media":0,"parent":39,"menu_order":10,"comment_status":"closed","ping_status":"closed","template":"","meta":[],"_links":{"self":[{"href":"https:\/\/www.petra-busch.de\/pb\/index.php?rest_route=\/wp\/v2\/pages\/2348"}],"collection":[{"href":"https:\/\/www.petra-busch.de\/pb\/index.php?rest_route=\/wp\/v2\/pages"}],"about":[{"href":"https:\/\/www.petra-busch.de\/pb\/index.php?rest_route=\/wp\/v2\/types\/page"}],"author":[{"embeddable":true,"href":"https:\/\/www.petra-busch.de\/pb\/index.php?rest_route=\/wp\/v2\/users\/1212"}],"replies":[{"embeddable":true,"href":"https:\/\/www.petra-busch.de\/pb\/index.php?rest_route=%2Fwp%2Fv2%2Fcomments&post=2348"}],"version-history":[{"count":12,"href":"https:\/\/www.petra-busch.de\/pb\/index.php?rest_route=\/wp\/v2\/pages\/2348\/revisions"}],"predecessor-version":[{"id":2412,"href":"https:\/\/www.petra-busch.de\/pb\/index.php?rest_route=\/wp\/v2\/pages\/2348\/revisions\/2412"}],"up":[{"embeddable":true,"href":"https:\/\/www.petra-busch.de\/pb\/index.php?rest_route=\/wp\/v2\/pages\/39"}],"wp:attachment":[{"href":"https:\/\/www.petra-busch.de\/pb\/index.php?rest_route=%2Fwp%2Fv2%2Fmedia&parent=2348"}],"curies":[{"name":"wp","href":"https:\/\/api.w.org\/{rel}","templated":true}]}}