{"id":227,"date":"2011-02-08T21:26:52","date_gmt":"2011-02-08T20:26:52","guid":{"rendered":"http:\/\/petrabusch.wordpress.com\/?page_id=227"},"modified":"2014-03-13T10:00:30","modified_gmt":"2014-03-13T09:00:30","slug":"interviews","status":"publish","type":"page","link":"https:\/\/www.petra-busch.de\/pb\/?page_id=227","title":{"rendered":"Interviews"},"content":{"rendered":"<p>&nbsp;<\/p>\n<p><strong>&#8222;Schreiben als Beruf&#8220;<\/strong><\/p>\n<p>Die Journalistin Birte Vogel betreibt ein wunderbares und authentisches Blog und l\u00e4sst dort Menschen zu Wort kommen, die vom Schreiben leben. Ich durfte ihr so einiges <a href=\"http:\/\/schreiben-als-beruf.de\/krimis-schreiben-petra-busch\/\" target=\"_blank\">\u00fcber meinen Beruf als Krimiautorin <\/a>erz\u00e4hlen.<br \/>\n<em>(27. August 2013)<\/em><\/p>\n<p><em>&#8230;&#8230;&#8230;&#8230;&#8230;&#8230;&#8230;&#8230;&#8230;&#8230;&#8230;&#8230;&#8230;&#8230;&#8230;&#8230;&#8230;&#8230;&#8230;&#8230;&#8230;<\/em><\/p>\n<p><span style=\"color: #000000;\"><strong>&#8222;Auf dem roten Teppich: Petra Busch steht Rede und Antwort&#8220;<\/strong><\/span><\/p>\n<p>Autoren-Interview durch den Droemer Knaur Verlag: <a href=\"http:\/\/www.droemer-knaur.de\/magazin\/Auf%20dem%20roten%20Teppich:%20Petra%20Busch.7768558.html\" target=\"_blank\">Petra Busch \u00fcber Vorlieben, \u00c4rgernisse und W\u00fcnsche, \u00fcber den perfekten Tag und das Schreiben<\/a>.<br \/>\n<em>(9. Januar 2011)<\/em><\/p>\n<p><em>&#8230;&#8230;&#8230;&#8230;&#8230;&#8230;&#8230;&#8230;&#8230;&#8230;&#8230;&#8230;&#8230;&#8230;&#8230;&#8230;&#8230;&#8230;&#8230;&#8230;&#8230;<\/em><\/p>\n<p><span style=\"color: #000000;\"><strong><em> <\/em>Interview durch Autorin &amp; B\u00fccherexpertin Aveleen Avide<\/strong><\/span><\/p>\n<p>&#8222;Petra Busch plant ihre Morde akribisch, hat sieben Leben und macht am liebsten Urlaub in Krisengebieten \u2013 wenn sie nicht gerade wo hinf\u00e4hrt, wo\u2019s mal etwas ruhiger zugeht. Shoppen in Werkzeug-Fachm\u00e4rkten geh\u00f6rt zu ihren Lieblingsbesch\u00e4ftigungen, und wenn noch Zeit \u00fcbrig ist, spielt sie Klavier oder Cello.&#8220; So \u00fcberschreibt Aveleen Avide ihr Interview mit der Petra Busch. Darin <a href=\"http:\/\/aveleen-avide.blog.de\/2010\/12\/24\/interview-petra-busch-willkommen-aveleen-avide-petra-busch-plant-akribisch-10247932\/\" target=\"_blank\">erz\u00e4hlt die Autorin viel Pers\u00f6nliches, erkl\u00e4rt, was Sprache und Schreiben f\u00fcr sie bedeuten und spricht \u00fcber Inspiration und die Entstehung eines Buches<\/a> \u2013 oft mit einem Augenzwinkern.<br \/>\n<em>(24. Dezember 2010)<\/em><\/p>\n<p><em>&#8230;&#8230;&#8230;&#8230;&#8230;&#8230;&#8230;&#8230;&#8230;&#8230;&#8230;&#8230;&#8230;&#8230;&#8230;&#8230;&#8230;&#8230;&#8230;&#8230;&#8230;<\/em><\/p>\n<p><span style=\"color: #000000;\"><strong><em> <\/em>Gespr\u00e4ch mit radioeins rbb f\u00fcr die Sendung &#8222;B\u00fcchermagazin&#8220;<\/strong><\/span><\/p>\n<p>Thema: &#8222;Mord vor Ort \u2013 Krimis in der deutschen Leselandschaft&#8220;. Was bedeutet die Auswahl von Orten f\u00fcr den Krimi? \u00dcber ihren Psychokrimi &#8222;Schweig still, mein Kind&#8220; und den Schwarzwald sprach Petra Busch mit rbb-Moderator Stefan Rupp.<br \/>\n<em>(31. Oktober 2010)<\/em><\/p>\n<p><em>&#8230;&#8230;&#8230;&#8230;&#8230;&#8230;&#8230;&#8230;&#8230;&#8230;&#8230;&#8230;&#8230;&#8230;&#8230;&#8230;&#8230;&#8230;&#8230;&#8230;&#8230;<\/em><\/p>\n<p><strong>Gespr\u00e4ch mit dem S\u00fcdwestfunk f\u00fcr das &#8222;Fr\u00fchmagazin&#8220;<br \/>\n<\/strong><\/p>\n<p>In der Freiburger Polizeidirektion hat die Autorin viel recherchiert. Dort sprach <a href=\"http:\/\/www.petra-busch.de\/pb\/wp-content\/uploads\/2011\/02\/SWR4_Busch_Schweig-still-mein-Kind-141010.mp3\" target=\"_blank\">Petra Busch mit ihrem Freund und Berater Karl-Heinz Schmid von der Kripo und S\u00fcdwestfunk-Reporter Sebastian Bargon<\/a> \u00fcber den Psychokrimi &#8222;Schweig still, mein Kind&#8220; und die Zusammenarbeit zwischen Autoren und Polizei. Dass Autorin und Kriminalhauptkommissar Schmid aus Baden stammen \u2026 Man h\u00f6rt&#8217;s ;)<em><br \/>\n(14. Oktober 2010)<\/em><\/p>\n<p><em>&#8230;&#8230;&#8230;&#8230;&#8230;&#8230;&#8230;&#8230;&#8230;&#8230;&#8230;&#8230;&#8230;&#8230;&#8230;&#8230;&#8230;&#8230;&#8230;&#8230;&#8230;<\/em><\/p>\n<p><em><br \/>\n<\/em><\/p>\n<p><span style=\"color: #000000;\"><strong><em> <\/em>Interview durch Krimiexpertin Heike Schmidt-Abidi<\/strong><\/span><\/p>\n<p>Heike Schmid-Abidi, Texterin und Krimiexpertin, hat ihr Rezensionsexemplar von &#8222;Schweig still, mein Kind&#8220; l\u00e4ngst ausgelesen. Verraten will sie nichts: &#8222;Lest doch selber!&#8220;, sagt sie, und hat, statt gro\u00dfe Worte zu machen, Fragen gestellt: <a href=\"http:\/\/www.abiditext.de\/1458\/jetzt-kaufen-%E2%80%9Eschweig-still-mein-kind-von-petra-busch\/\" target=\"_blank\">Petra Busch \u00fcber menschliche Abgr\u00fcnde, Au\u00dfenseiter und Autismus<\/a>.<br \/>\n<em>(10. September 2010)<\/em><\/p>\n<p>&nbsp;<\/p>\n","protected":false},"excerpt":{"rendered":"<p>&nbsp; &#8222;Schreiben als Beruf&#8220; Die Journalistin Birte Vogel betreibt ein wunderbares und authentisches Blog und l\u00e4sst dort Menschen zu Wort kommen, die vom Schreiben leben. Ich durfte ihr so einiges \u00fcber meinen Beruf als Krimiautorin erz\u00e4hlen. (27. August 2013) &#8230;&#8230;&#8230;&#8230;&#8230;&#8230;&#8230;&#8230;&#8230;&#8230;&#8230;&#8230;&#8230;&#8230;&#8230;&#8230;&#8230;&#8230;&#8230;&#8230;&#8230; &#8222;Auf dem roten Teppich: Petra Busch steht Rede und Antwort&#8220; Autoren-Interview durch den Droemer Knaur [&hellip;]<\/p>\n","protected":false},"author":1212,"featured_media":0,"parent":83,"menu_order":2,"comment_status":"closed","ping_status":"closed","template":"","meta":[],"_links":{"self":[{"href":"https:\/\/www.petra-busch.de\/pb\/index.php?rest_route=\/wp\/v2\/pages\/227"}],"collection":[{"href":"https:\/\/www.petra-busch.de\/pb\/index.php?rest_route=\/wp\/v2\/pages"}],"about":[{"href":"https:\/\/www.petra-busch.de\/pb\/index.php?rest_route=\/wp\/v2\/types\/page"}],"author":[{"embeddable":true,"href":"https:\/\/www.petra-busch.de\/pb\/index.php?rest_route=\/wp\/v2\/users\/1212"}],"replies":[{"embeddable":true,"href":"https:\/\/www.petra-busch.de\/pb\/index.php?rest_route=%2Fwp%2Fv2%2Fcomments&post=227"}],"version-history":[{"count":70,"href":"https:\/\/www.petra-busch.de\/pb\/index.php?rest_route=\/wp\/v2\/pages\/227\/revisions"}],"predecessor-version":[{"id":2270,"href":"https:\/\/www.petra-busch.de\/pb\/index.php?rest_route=\/wp\/v2\/pages\/227\/revisions\/2270"}],"up":[{"embeddable":true,"href":"https:\/\/www.petra-busch.de\/pb\/index.php?rest_route=\/wp\/v2\/pages\/83"}],"wp:attachment":[{"href":"https:\/\/www.petra-busch.de\/pb\/index.php?rest_route=%2Fwp%2Fv2%2Fmedia&parent=227"}],"curies":[{"name":"wp","href":"https:\/\/api.w.org\/{rel}","templated":true}]}}