{"id":64,"date":"2011-02-08T14:36:37","date_gmt":"2011-02-08T14:36:37","guid":{"rendered":"http:\/\/petrabusch.wordpress.com\/?page_id=64"},"modified":"2013-05-18T23:10:10","modified_gmt":"2013-05-18T21:10:10","slug":"mein-wirst-du-bleiben","status":"publish","type":"page","link":"http:\/\/www.petra-busch.de\/pb\/?page_id=64","title":{"rendered":"Mein wirst du bleiben"},"content":{"rendered":"<p><strong>Der zweite Psychokrimi um Hauptkommissar Moritz Ehrlinspiel.<br \/>\n<\/strong><\/p>\n<p><a href=\"http:\/\/www.petra-busch.de\/pb\/wp-content\/uploads\/2011\/02\/Cover_Busch_Mein-wirst-du-bleiben.jpg\"><img decoding=\"async\" loading=\"lazy\" class=\"alignleft size-full wp-image-1140\" title=\"Cover Petra Busch &quot;Mein wirst du bleiben&quot;\" alt=\"\" src=\"http:\/\/www.petra-busch.de\/pb\/wp-content\/uploads\/2011\/02\/Cover_Busch_Mein-wirst-du-bleiben.jpg\" width=\"160\" height=\"250\" \/><\/a><\/p>\n<p>Miriam Roth will ihre Mutter Thea ganz f\u00fcr sich, schon immer, denn andere Freunde hat sie nicht. Als Thea bei einem schweren Unfall das Ged\u00e4chtnis verliert, geht Miriam ganz in der Pflege auf \u2013 auch wenn Thea von ihr nichts mehr wei\u00df. Hauptsache, Thea bleibt immer in der Wohnung, dann kann nichts passieren. Dann bleibt Miriam nicht allein.<\/p>\n<p>Doch ein Mord in der Nachbarschaft zerst\u00f6rt das erzwungene Idyll. Dass Hauptkommissar Ehrlinspiel das Leben des Opfers und der Nachbarn durchleuchtet, macht Miriam ganz nerv\u00f6s. Als Thea aus ihrem goldenen K\u00e4fig ausbricht und in br\u00fctender Sommerhitze durch Freiburg irrt, ahnt sie nicht, dass sie direkt auf die Abgr\u00fcnde des B\u00f6sen zusteuert \u2026<\/p>\n<p><strong>Taschenbuch &amp; eBook:<\/strong> 448 Seiten<strong><br \/>\nVerlag:<\/strong> Droemer Knaur (Herbst 2011)<strong> <\/strong><strong><br \/>\nISBN Taschenbuch:<\/strong> <strong> <\/strong>978-3-426-50792-6<br \/>\n<strong>ISBN Knaur eBook:<\/strong>\u00a0978-3-426-41167-4<br \/>\n<strong> ASIN Kindle eBook<b>:<\/b>\u00a0<\/strong>B005SZ0ZR0<br \/>\n<strong> Preis:<\/strong> 9,99 Euro<\/p>\n<p><a href=\"http:\/\/www.droemer-knaur.de\/buecher\/Mein+wirst+du+bleiben.7435928.html\" target=\"_blank\">Taschenbuch bestellen<\/a><a href=\"http:\/\/www.droemer-knaur.de\/ebooks\/Mein+wirst+du+bleiben.7756754.html\" target=\"_blank\"><br \/>\n<\/a><a href=\"http:\/\/www.amazon.de\/Mein-wirst-bleiben-Kriminalroman-ebook\/dp\/B005SZ0ZR0\/ref=sr_1_3_bnp_1_kin?ie=UTF8&amp;qid=1368910851&amp;sr=8-3&amp;keywords=Petra+Busch\" target=\"_blank\">E-Kindle eBook kaufen<br \/>\n<\/a><a href=\"http:\/\/www.droemer-knaur.de\/ebooks\/7770222\/mein-wirst-du-bleiben\" target=\"_blank\">Knaur eBook kaufen<\/a><a href=\"http:\/\/www.droemer-knaur.de\/ebooks\/Mein+wirst+du+bleiben.7756754.html\" target=\"_blank\"><br \/>\n<\/a><a href=\"http:\/\/www.jokers.de\/3\/17193070-1\/hoerbuch\/mein-wirst-du-bleiben-6-audio-cds.html\" target=\"_blank\">H\u00f6rbuch bestellen<\/a> \u2013 gek\u00fcrzte Buchfassung (audio media Verlag; 6 CDs, gelesen von\u00a0Michael Schwarzmaier. Gesamtzeit 450 Minuten, 12,99 Euro)<br \/>\n<a href=\"http:\/\/www.audible.de\/pd\/B006GPHXDA\" target=\"_blank\"> H\u00f6rbuch bei audible.de herunterladen<\/a> &#8211; ungek\u00fcrzte Buchfassung (13 Stunden, 36 Minuten; gelesen von Lutz Riedel \u2013 Synchronsprecher u. a. von Timothy Dalton, Richard Gere, Alec Baldwin; H\u00f6rprobe unter demselben Link)<\/p>\n<p><a href=\"http:\/\/www.hoerbuecher-blog.de\/lutz-riedel-im-exklusiv-interview-2\/\" target=\"_blank\">Lutz Riedel im Exklusiv-Interview bei audible.de<\/a><\/p>\n<p><span style=\"color: #888888;\"><strong>Pressestimmen<\/strong>:<\/span><\/p>\n<p><span style=\"color: #888888;\"><em>WDR <\/em>: &#8222;So einf\u00fchlsam und genau wie Petra Busch erz\u00e4hlt im Augenblick keine andere deutsche Autorin von Verbrechen und Mord. Keine schaut genauer hin, keine bringt das Leben\u00a0und das Verbrechen so auf den Punkt.\u201c<\/span><\/p>\n<p><span style=\"color: #888888;\"><em>F\u00fcr SIE<\/em>: &#8222;Ein feinf\u00fchlig-spannender Stil und eine Geschichte, die eine Menge \u00fcber die weibliche Psyche erz\u00e4hlt &#8211; von dieser Autorin wollen wir noch ganz viel lesen!&#8220;<\/span><\/p>\n<p><span style=\"color: #888888;\"><em>Petra, Buch Special<\/em>:\u00a0&#8222;Die 44-j\u00e4hrige jagt uns mit der Story von Miriam einen Schauer \u00fcber den R\u00fccken. [&#8230;] Gut beobachtet, super erz\u00e4hlt.<\/span><\/p>\n<p><a href=\"http:\/\/www.droemer-knaur.de\/buecher\/Mein+wirst+du+bleiben.7435928.html?ansicht=pressestimmen\" target=\"_blank\">Weitere Pressestimmen<\/a><\/p>\n<p>&nbsp;<\/p>\n","protected":false},"excerpt":{"rendered":"<p>Der zweite Psychokrimi um Hauptkommissar Moritz Ehrlinspiel. Miriam Roth will ihre Mutter Thea ganz f\u00fcr sich, schon immer, denn andere Freunde hat sie nicht. Als Thea bei einem schweren Unfall das Ged\u00e4chtnis verliert, geht Miriam ganz in der Pflege auf \u2013 auch wenn Thea von ihr nichts mehr wei\u00df. Hauptsache, Thea bleibt immer in der [&hellip;]<\/p>\n","protected":false},"author":1212,"featured_media":0,"parent":35,"menu_order":9,"comment_status":"closed","ping_status":"closed","template":"","meta":[],"_links":{"self":[{"href":"http:\/\/www.petra-busch.de\/pb\/index.php?rest_route=\/wp\/v2\/pages\/64"}],"collection":[{"href":"http:\/\/www.petra-busch.de\/pb\/index.php?rest_route=\/wp\/v2\/pages"}],"about":[{"href":"http:\/\/www.petra-busch.de\/pb\/index.php?rest_route=\/wp\/v2\/types\/page"}],"author":[{"embeddable":true,"href":"http:\/\/www.petra-busch.de\/pb\/index.php?rest_route=\/wp\/v2\/users\/1212"}],"replies":[{"embeddable":true,"href":"http:\/\/www.petra-busch.de\/pb\/index.php?rest_route=%2Fwp%2Fv2%2Fcomments&post=64"}],"version-history":[{"count":49,"href":"http:\/\/www.petra-busch.de\/pb\/index.php?rest_route=\/wp\/v2\/pages\/64\/revisions"}],"predecessor-version":[{"id":554,"href":"http:\/\/www.petra-busch.de\/pb\/index.php?rest_route=\/wp\/v2\/pages\/64\/revisions\/554"}],"up":[{"embeddable":true,"href":"http:\/\/www.petra-busch.de\/pb\/index.php?rest_route=\/wp\/v2\/pages\/35"}],"wp:attachment":[{"href":"http:\/\/www.petra-busch.de\/pb\/index.php?rest_route=%2Fwp%2Fv2%2Fmedia&parent=64"}],"curies":[{"name":"wp","href":"https:\/\/api.w.org\/{rel}","templated":true}]}}