{"id":39,"date":"2011-02-08T14:21:47","date_gmt":"2011-02-08T14:21:47","guid":{"rendered":"http:\/\/petrabusch.wordpress.com\/?page_id=39"},"modified":"2016-10-24T19:14:35","modified_gmt":"2016-10-24T17:14:35","slug":"kurzgeschichten","status":"publish","type":"page","link":"http:\/\/www.petra-busch.de\/pb\/?page_id=39","title":{"rendered":"Kurzgeschichten"},"content":{"rendered":"<p><strong>Kleine Morde zwischendurch<\/strong> \u2013 mal psychologisch, mal (aber)witzig, immer aber mit Freude geschrieben:<\/p>\n<p><strong><a href=\"http:\/\/www.petra-busch.de\/pb\/?page_id=2604\" target=\"_blank\">Der dreizehnte Lostag<\/a><\/strong>. In: Isabell Spanier (Hg.):<br \/>\nPl\u00e4tzchen,Punsch und Psychokiller.<br \/>\n(Knaur, Oktober 2016)<\/p>\n<p><strong><a href=\"http:\/\/www.petra-busch.de\/pb\/?page_id=2502\" target=\"_blank\">Mamas achtzigster Geburtstag<\/a><\/strong>. In: Petra Busch (Hg.):<br \/>\nT\u00f6rtchen-M\u00f6rdchen.<br \/>\n(KBV, Oktober 2015)<\/p>\n<p><strong><a href=\"http:\/\/www.petra-busch.de\/pb\/?page_id=2541\" target=\"_blank\">Neonlichtlandschaft<\/a><\/strong>. In: Emily Mokick (Hg.):<br \/>\nT\u00fcrchen, Tod und Tannenbaum.<br \/>\n(Knaur, Oktober 2015)<\/p>\n<p><strong><a href=\"http:\/\/www.petra-busch.de\/pb\/?page_id=2370\" target=\"_blank\">Der Taubenpfl\u00fccker<\/a><\/strong>.\u00a0In: Teresa P\u00fctz (Hg.):<br \/>\nStollen, Schnee und Sensenmann.<br \/>\n(Knaur, Oktober 2014)<\/p>\n<p><a href=\"http:\/\/www.petra-busch.de\/pb\/?page_id=2348\" target=\"_blank\"><strong>Die Endzeit<\/strong><\/a>.\u00a0In: Elke Pistor (Hg.):<br \/>\nTod und Tofu.<br \/>\n(KBV, Oktober 2014)<\/p>\n<p><a href=\"http:\/\/www.petra-busch.de\/pb\/?page_id=2408\" target=\"_blank\"><strong>Die Katze im Sack.<\/strong><\/a> In: Erich Weidinger\/Jeff Maxian (Hg.):<br \/>\nMords-Bescherung 2.<br \/>\n(emons, September\u00a02014)<\/p>\n<p><span style=\"color: #000000;\"><span style=\"color: #808080;\"><strong><a href=\"http:\/\/www.petra-busch.de\/pb\/?page_id=2239\" target=\"_blank\"><span style=\"color: #808080;\">Die krumme Lisa<\/span><\/a><\/strong><\/span>.<\/span>\u00a0In: Cornelia Kuhnert (Hg.):<br \/>\nEiskalte Weihnachtsengel.<br \/>\n(Heyne, Oktober 2013)<\/p>\n<p><strong><a href=\"http:\/\/www.petra-busch.de\/pb\/?page_id=2200\" target=\"_blank\">Nur ein Schneehase<\/a><\/strong>.\u00a0In: Johannes Engelke (Hg.):<br \/>\nDen n\u00e4chsten, der frohe Weihnachten zu mir sagt, bringe ich um.<br \/>\n(Droemer, Oktober 2013)<\/p>\n<p><strong><a href=\"http:\/\/www.petra-busch.de\/pb\/?page_id=1655\" target=\"_blank\">Herberts Fest, oder: Alles voller K\u00fcken<\/a><\/strong>. In: Simon Beckett,\u00a0\u00c5ke Edwardson u. a.:<br \/>\nTatort Tannenbaum. Kommissare feiern Weihnachten.<br \/>\n(Wunderlich, November 2012)<\/p>\n<p><strong><a href=\"http:\/\/www.petra-busch.de\/pb\/?page_id=1639\" target=\"_blank\">Erich lacht<\/a><\/strong>. In: Johannes Engelke (Hg.):<br \/>\nGl\u00f6ckchen, Gift und G\u00e4nsebraten. 24 Weihnachtskrimis von R\u00fcgen bis ins Zillertal.<br \/>\n(Knaur, Oktober 2012)<\/p>\n<p><a href=\"http:\/\/www.petra-busch.de\/pb\/?page_id=1292\"><strong>Die Erscheinung des Herrn<\/strong><\/a>. In: Michelle St\u00f6ger (Hg.):<br \/>\nMaria, Mord und Mandelpl\u00e4tzchen. 24 Weihnachtskrimis von Sylt bis zur Zugspitze.<br \/>\n(Knaur, Oktober 2011)<\/p>\n<p><a href=\"http:\/\/www.petra-busch.de\/pb\/?page_id=62\"><strong>Marzipanhonig<\/strong><\/a>. In: Rebecca Gabl\u00e9 &amp; Thomas Hoeps (Hg.):<br \/>\nScharf geschossen. Die Krimi-Anthologie zur Frauen-Fu\u00dfball-WM 2011.<br \/>\n(KBV, Mai 2011)<\/p>\n<p><a href=\"http:\/\/www.petra-busch.de\/pb\/?page_id=60\"><span style=\"color: #888888;\"><strong>Der Wattl\u00e4ufer<\/strong><\/span><\/a>. In: Regine K\u00f6lpin (Hg.):<br \/>\nDeichleichen. Friesisch herbe Kurzkrimis vom Jadebusen bis zum Dollart.<br \/>\n(KBV, April 2011)<\/p>\n<p><a href=\"http:\/\/www.petra-busch.de\/pb\/?page_id=58\"><strong>Die klobalisierte Welt<\/strong><\/a>. In: Petra Busch (Hg.):<br \/>\nM\u00f6rdchen f\u00fcrs \u00d6rtchen. Kurzkrimis f\u00fcr Gesch\u00e4ftige.<br \/>\n(KBV, M\u00e4rz 2011)<\/p>\n<p><a href=\"http:\/\/www.petra-busch.de\/pb\/?page_id=56\"><strong>Vita reducta<\/strong><\/a>.\u00a0In: Sebastian Fitzek (Hg.):<br \/>\nP.S. Ich t\u00f6te dich. 13 Zehn-Minuten-Thriller.<br \/>\n(Droemer, Oktober 2010)<\/p>\n","protected":false},"excerpt":{"rendered":"<p>Kleine Morde zwischendurch \u2013 mal psychologisch, mal (aber)witzig, immer aber mit Freude geschrieben: Der dreizehnte Lostag. In: Isabell Spanier (Hg.): Pl\u00e4tzchen,Punsch und Psychokiller. (Knaur, Oktober 2016) Mamas achtzigster Geburtstag. In: Petra Busch (Hg.): T\u00f6rtchen-M\u00f6rdchen. (KBV, Oktober 2015) Neonlichtlandschaft. In: Emily Mokick (Hg.): T\u00fcrchen, Tod und Tannenbaum. (Knaur, Oktober 2015) Der Taubenpfl\u00fccker.\u00a0In: Teresa P\u00fctz (Hg.): Stollen, [&hellip;]<\/p>\n","protected":false},"author":1212,"featured_media":0,"parent":0,"menu_order":2,"comment_status":"closed","ping_status":"closed","template":"","meta":[],"_links":{"self":[{"href":"http:\/\/www.petra-busch.de\/pb\/index.php?rest_route=\/wp\/v2\/pages\/39"}],"collection":[{"href":"http:\/\/www.petra-busch.de\/pb\/index.php?rest_route=\/wp\/v2\/pages"}],"about":[{"href":"http:\/\/www.petra-busch.de\/pb\/index.php?rest_route=\/wp\/v2\/types\/page"}],"author":[{"embeddable":true,"href":"http:\/\/www.petra-busch.de\/pb\/index.php?rest_route=\/wp\/v2\/users\/1212"}],"replies":[{"embeddable":true,"href":"http:\/\/www.petra-busch.de\/pb\/index.php?rest_route=%2Fwp%2Fv2%2Fcomments&post=39"}],"version-history":[{"count":79,"href":"http:\/\/www.petra-busch.de\/pb\/index.php?rest_route=\/wp\/v2\/pages\/39\/revisions"}],"predecessor-version":[{"id":2613,"href":"http:\/\/www.petra-busch.de\/pb\/index.php?rest_route=\/wp\/v2\/pages\/39\/revisions\/2613"}],"wp:attachment":[{"href":"http:\/\/www.petra-busch.de\/pb\/index.php?rest_route=%2Fwp%2Fv2%2Fmedia&parent=39"}],"curies":[{"name":"wp","href":"https:\/\/api.w.org\/{rel}","templated":true}]}}