{"id":2604,"date":"2016-10-04T19:06:08","date_gmt":"2016-10-04T17:06:08","guid":{"rendered":"http:\/\/www.petra-busch.de\/pb\/?page_id=2604"},"modified":"2016-10-24T19:19:32","modified_gmt":"2016-10-24T17:19:32","slug":"der-dreizehnte-lostag","status":"publish","type":"page","link":"http:\/\/www.petra-busch.de\/pb\/?page_id=2604","title":{"rendered":"Der dreizehnte Lostag"},"content":{"rendered":"<p><a href=\"http:\/\/www.petra-busch.de\/pb\/wp-content\/uploads\/2016\/10\/Cover-Plaetzchen-Punsch-und-Psychokiller-250px-hoch.jpg\"><img decoding=\"async\" loading=\"lazy\" class=\"alignleft size-full wp-image-2598\" src=\"http:\/\/www.petra-busch.de\/pb\/wp-content\/uploads\/2016\/10\/Cover-Plaetzchen-Punsch-und-Psychokiller-250px-hoch.jpg\" alt=\"cover-plaetzchen-punsch-und-psychokiller-250px-hoch\" width=\"250\" height=\"375\" srcset=\"http:\/\/www.petra-busch.de\/pb\/wp-content\/uploads\/2016\/10\/Cover-Plaetzchen-Punsch-und-Psychokiller-250px-hoch.jpg 250w, http:\/\/www.petra-busch.de\/pb\/wp-content\/uploads\/2016\/10\/Cover-Plaetzchen-Punsch-und-Psychokiller-250px-hoch-200x300.jpg 200w\" sizes=\"(max-width: 250px) 100vw, 250px\" \/><\/a>Auch \u00a02016 gibt es wieder den beliebten Knaur-Adventskalender in Buchform.\u00a0<strong>Pl\u00e4tzchen, Punsch und Psychokiller<\/strong>\u00a0hei\u00dft er und versammelt 24 spannende Storys.\u00a0Quer durch Deutschland, \u00d6sterreich und die Schweiz wird vergiftet, erschlagen, gew\u00fcrgt, gemeuchelt und gemordet. Nicht besinnlich \u2013 daf\u00fcr umso spannender.<\/p>\n<p><strong>&#8222;Der dreizehnte Lostag&#8220;<\/strong>\u00a0hei\u00dft die Geschichte von Petra Busch. Wie die Autorin es liebt, pr\u00e4gen d\u00fcstere Familiengeheimnisse und fein gezeichnete psychologische Abgr\u00fcnde die Handlung und Figuren.\u00a0Was hat es mit Ursula, der stummen alten &#8222;Usch&#8220;, auf sich, die au\u00dferhalb des Dorfes lebt und zu der sich nur das M\u00e4dchen mit dem roten Mantel wagt? Was ist dran an den 13 W\u00fcnschen der\u00a0Loszettel, die Ursula\u00a0jedes Jahr zur Wintersonnenwende schreibt und in den zw\u00f6lf Raun\u00e4chten verbrennt \u2013 in der Zeit, in der sie Wodans\u00a0Geisteheer um sich\u00a0glaubt und Gnome und b\u00f6se Gestalten sie in die Anderswelt locken wollen? Und warum war die Kleine mit dem roten Mantel den ganzen Sommer nicht da\u00a0und\u00a0erz\u00e4hlt Ursula\u00a0nun, im tiefen Winter, verst\u00f6rende Dinge \u00fcber den Hof ihres Vaters und die Tiere im Stall?<\/p>\n<p><strong>Die\u00a0Autorinnen und Autoren\u00a0<\/strong>(alphabetische Reihenfolge): Gert Anhalt, Wolfgang Burger, Petra Busch, Veit Etzold, Nicola F\u00f6rg, Harald Gilbers, Stefan Haenni, Ines H\u00e4ufler, Jutta Maria Herrmann, Rudolf Jagusch, Elisabeth Kabatek, Thomas Kastura, Ivonne Keller, Sven Koch, Felix Leibrock, Iny Lorentz, Bodo Manstein, Judith Merchant, Susanne Mischke, Gisa Pauly, Su Turhan, Karen Winter, Patrizia Zannini und Franz Zeller.<\/p>\n<p>&nbsp;<\/p>\n<p><strong>Isabell Spanier (Hg.): Pl\u00e4tzchen, Punsch und Psychokiller.\u00a024 Weihnachtskrimis von\u00a0Sylt bis Wien.\u00a0<\/strong><\/p>\n<p><strong>Taschenbuch\u00a0<\/strong>(432 Seiten) und\u00a0<strong>eBook<\/strong>\u00a0(1480 K)<strong><br \/>\nVerlag:\u00a0<\/strong>Knaur \u00a0(4. Oktober 2016)<strong><br \/>\n<\/strong><strong>ISBN TB<\/strong>:\u00a0978-3426519622<br \/>\n<strong>ISBN\u00a0eBook<\/strong>:\u00a0978-3-426-44011-7<br \/>\n<strong>Preis:<\/strong>\u00a09,99 \u20ac<\/p>\n<p><a href=\"https:\/\/www.amazon.de\/Pl\u00e4tzchen-Punsch-Psychokiller-Weihnachtskrimis-Sylt\/dp\/3426519623\" target=\"_blank\">Pl\u00e4tzchen, Punsch und Psychokiller bestellen (TB)<\/a><a href=\"http:\/\/www.droemer-knaur.de\/buch\/8572048\/tuerchen-tod-und-tannenbaum\" target=\"_blank\"><br \/>\n<\/a><a href=\"https:\/\/www.amazon.de\/Pl-tzchen-Punsch-Psychokiller-Weihnachtskrimis-Sylt-ebook\/dp\/B01DWEENGW\/\" target=\"_blank\">eBook kaufen\/herunterladen<\/a><\/p>\n","protected":false},"excerpt":{"rendered":"<p>Auch \u00a02016 gibt es wieder den beliebten Knaur-Adventskalender in Buchform.\u00a0Pl\u00e4tzchen, Punsch und Psychokiller\u00a0hei\u00dft er und versammelt 24 spannende Storys.\u00a0Quer durch Deutschland, \u00d6sterreich und die Schweiz wird vergiftet, erschlagen, gew\u00fcrgt, gemeuchelt und gemordet. Nicht besinnlich \u2013 daf\u00fcr umso spannender. &#8222;Der dreizehnte Lostag&#8220;\u00a0hei\u00dft die Geschichte von Petra Busch. Wie die Autorin es liebt, pr\u00e4gen d\u00fcstere Familiengeheimnisse und [&hellip;]<\/p>\n","protected":false},"author":1212,"featured_media":0,"parent":39,"menu_order":6,"comment_status":"closed","ping_status":"closed","template":"","meta":[],"_links":{"self":[{"href":"http:\/\/www.petra-busch.de\/pb\/index.php?rest_route=\/wp\/v2\/pages\/2604"}],"collection":[{"href":"http:\/\/www.petra-busch.de\/pb\/index.php?rest_route=\/wp\/v2\/pages"}],"about":[{"href":"http:\/\/www.petra-busch.de\/pb\/index.php?rest_route=\/wp\/v2\/types\/page"}],"author":[{"embeddable":true,"href":"http:\/\/www.petra-busch.de\/pb\/index.php?rest_route=\/wp\/v2\/users\/1212"}],"replies":[{"embeddable":true,"href":"http:\/\/www.petra-busch.de\/pb\/index.php?rest_route=%2Fwp%2Fv2%2Fcomments&post=2604"}],"version-history":[{"count":7,"href":"http:\/\/www.petra-busch.de\/pb\/index.php?rest_route=\/wp\/v2\/pages\/2604\/revisions"}],"predecessor-version":[{"id":2617,"href":"http:\/\/www.petra-busch.de\/pb\/index.php?rest_route=\/wp\/v2\/pages\/2604\/revisions\/2617"}],"up":[{"embeddable":true,"href":"http:\/\/www.petra-busch.de\/pb\/index.php?rest_route=\/wp\/v2\/pages\/39"}],"wp:attachment":[{"href":"http:\/\/www.petra-busch.de\/pb\/index.php?rest_route=%2Fwp%2Fv2%2Fmedia&parent=2604"}],"curies":[{"name":"wp","href":"https:\/\/api.w.org\/{rel}","templated":true}]}}