{"id":2341,"date":"2014-09-24T16:36:35","date_gmt":"2014-09-24T14:36:35","guid":{"rendered":"http:\/\/www.petra-busch.de\/pb\/?page_id=2341"},"modified":"2017-06-27T18:17:48","modified_gmt":"2017-06-27T16:17:48","slug":"das-lacheln-des-bosen","status":"publish","type":"page","link":"http:\/\/www.petra-busch.de\/pb\/?page_id=2341","title":{"rendered":"Das L\u00e4cheln des B\u00f6sen"},"content":{"rendered":"<p><strong>Psychothriller \u2013 erschienen im M\u00e4rz 2015.<\/strong><\/p>\n<p><img decoding=\"async\" loading=\"lazy\" class=\"alignleft size-medium wp-image-2342\" src=\"http:\/\/www.petra-busch.de\/pb\/wp-content\/uploads\/2014\/09\/Busch_neu1-197x300.jpg\" alt=\"Busch_ Das L\u00e4cheln des B\u00f6sen\" width=\"197\" height=\"300\" srcset=\"http:\/\/www.petra-busch.de\/pb\/wp-content\/uploads\/2014\/09\/Busch_neu1-197x300.jpg 197w, http:\/\/www.petra-busch.de\/pb\/wp-content\/uploads\/2014\/09\/Busch_neu1-675x1024.jpg 675w, http:\/\/www.petra-busch.de\/pb\/wp-content\/uploads\/2014\/09\/Busch_neu1.jpg 1474w\" sizes=\"(max-width: 197px) 100vw, 197px\" \/>Nina Bach, 28, chaotischer Freigeist und von ihrer Familie versto\u00dfen, ist schockiert: Ihre \u00e4ltere Schwester Frauke, eine erfolgreiche Chirurgin, hat sich das Leben genommen \u2013 und sich vor dem Suizid offenbar selbst die Haut des Unterarms abgezogen. Nina hat Frauke gehasst. Doch Selbstmord h\u00e4lt sie f\u00fcr ausgeschlossen und beginnt nachzuforschen. Der zust\u00e4ndige Rechtsmediziner Emil Koswig will ihr nicht helfen. Bis Nina entdeckt, dass auch Koswigs Ehefrau sich selbst get\u00f6tet und davor ein Auge herausgerissen hat. Gemeinsam suchen sie nach dem Hintergrund f\u00fcr die entsetzlichen Taten, und Nina verliebt sich dabei in den charmanten Arzt. Als die dritte Selbstm\u00f6rderin auf seinem Obduktionstisch liegt, begreift Nina, dass sie Nummer vier sein soll. Doch nicht einmal Koswig glaubt ihr \u2026<\/p>\n<p><span style=\"color: #888888;\"><strong>Pressestimmen:<\/strong><\/span><\/p>\n<p><span style=\"color: #808080;\">&#8222;Die preisgekr\u00f6nte Krimiautorin Petra Busch verbindet auch diesmal meisterhaft Verbrechen, starke Frauencharaktere und subtile Konflikte.&#8220;<em>(Susanne Walsleben, Chefredakteurin F\u00dcR SIE, Juni 2015)<\/em><\/span><\/p>\n<p><span style=\"color: #808080;\">&#8222;So einf\u00fchlsam und genau wie Petra Busch erz\u00e4hlt im Augenblick keine andere deutsche Autorin von Verbrechen und Mord.&#8220; (<em>WDR<\/em>)<\/span><\/p>\n<p><span style=\"color: #808080;\">&#8222;Wer sich gr\u00fcndlich gruseln und seine Arbeit f\u00fcr 430 Seiten nicht nur vernachl\u00e4ssigen, sondern auch komplett vergessen will, dem sei &#8218;Das L\u00e4cheln des B\u00f6sen&#8216; w\u00e4rmstens empfohlen. Alle andern sollten es lesen, weil es richtig gut ist.&#8220;<em> (Gesa F\u00fc\u00dfle, Bloggerin, Juli 2015)<\/em><\/span><\/p>\n<p><span style=\"color: #808080;\">\u00a0&#8222;Letztlich geht es um gro\u00dfe Lieben und Leidenschaften, und von diesen Dingen erz\u00e4hlt Petra Busch spannend und einf\u00fchlsam.&#8220; (<em>S\u00fcddeutsche Zeitung<\/em>, 8.3.13)<\/span><\/p>\n<p><span style=\"color: #808080;\">&#8222;Sie hat das Zeug zur gro\u00dfen deutschen Dame des Verbrechens: Petra Busch, die ihren Kommissar Ehrlinspiel nun schon seinen dritten Fall in der Region Freiburg l\u00f6sen l\u00e4sst. (&#8230;) \u00dcber 400 Seiten lang gelingt es Petra Busch scheinbar m\u00fchelos, die F\u00e4den des m\u00f6rderischen Verwirrspiels in der Hand zu behalten und nebenbei ihre Hauptfiguren mit glasklaren Konturen zu versehen. Unheimlich spannend &#8211; im wahrsten Sinne des Wortes!&#8220; (<em>Badisches Tagblatt<\/em>. 13.4.2013)<\/span><\/p>\n<p><span style=\"color: #808080;\">&#8222;Buschs skurrile Ideen und die ungemein feine Zeichnung der Figuren machen den Psychokrimi zum Leseerlebnis der Extraklasse.&#8220; (<em>PETRA &#8211; Buchspezial<\/em>, 1.5.2013)<\/span><\/p>\n<p>.:.<\/p>\n<p><strong>Taschenbuch &amp; Knaur eBook:<\/strong>\u00a0400 Seiten<\/p>\n<p><strong> Verlag:<\/strong>\u00a0Droemer Knaur (1. M\u00e4rz 2015)<strong>\u00a0<\/strong><strong><br \/>\nISBN Taschenbuch:<\/strong>\u00a0978-3-426-51548-8<br \/>\n<strong>ISBN eBook:\u00a0<\/strong>978-3-426-42420-9<br \/>\n<strong>Preis:<\/strong>\u00a09,99 Euro<\/p>\n<p><a href=\"http:\/\/www.droemer-knaur.de\/buch\/7940912\/das-laecheln-des-boesen\" target=\"_blank\">Taschenbuch bestellen<br \/>\n<\/a><a href=\"http:\/\/www.droemer-knaur.de\/ebooks\/7940920\/das-laecheln-des-boesen\" target=\"_blank\">E-Book kaufen<br \/>\n<\/a><a href=\"http:\/\/www.amazon.de\/L\u00e4cheln-B\u00f6sen-Psychothriller-Petra-Busch\/dp\/3426515482\/ref=sr_1_1?ie=UTF8&amp;qid=1411569294&amp;sr=8-1&amp;keywords=Das+l\u00e4cheln+des+b\u00f6sen\" target=\"_blank\">Buch bei amazon<br \/>\n<\/a><a href=\"http:\/\/www.audible.de\/pd\/Thriller\/Das-Laecheln-des-Boesen-Hoerbuch\/B00V35IHBU\/ref=a_search_c4_1_2_srTtl?qid=1498580147&amp;sr=1-2\" target=\"_blank\">H\u00f6rbuch bei audible.de herunterladen<\/a> \u00a0(ungek\u00fcrzte Fassung, 12 Std. 18 min., gesprochen von Tanja Geke)<\/p>\n<p>&nbsp;<\/p>\n<p>.:.<\/p>\n<div class=\"lyte-wrapper\" style=\"width:640px;max-width:100%;margin:5px;\"><div class=\"lyMe\" id=\"WYL_tpcrNmg9rh8\"><div id=\"lyte_tpcrNmg9rh8\" data-src=\"\/\/i.ytimg.com\/vi\/tpcrNmg9rh8\/hqdefault.jpg\" class=\"pL\"><div class=\"tC\"><div class=\"tT\"><\/div><\/div><div class=\"play\"><\/div><div class=\"ctrl\"><div class=\"Lctrl\"><\/div><div class=\"Rctrl\"><\/div><\/div><\/div><noscript><a href=\"http:\/\/youtu.be\/tpcrNmg9rh8\" rel=\"nofollow\"><img src=\"http:\/\/i.ytimg.com\/vi\/tpcrNmg9rh8\/0.jpg\" alt=\"\" width=\"640\" height=\"340\" \/><br \/>Dieses Video auf YouTube ansehen<\/a><\/noscript><\/div><\/div><div class=\"lL\" style=\"max-width:100%;width:640px;margin:5px;\"><\/div><\/p>\n<p>&nbsp;<\/p>\n","protected":false},"excerpt":{"rendered":"<p>Psychothriller \u2013 erschienen im M\u00e4rz 2015. Nina Bach, 28, chaotischer Freigeist und von ihrer Familie versto\u00dfen, ist schockiert: Ihre \u00e4ltere Schwester Frauke, eine erfolgreiche Chirurgin, hat sich das Leben genommen \u2013 und sich vor dem Suizid offenbar selbst die Haut des Unterarms abgezogen. Nina hat Frauke gehasst. Doch Selbstmord h\u00e4lt sie f\u00fcr ausgeschlossen und beginnt [&hellip;]<\/p>\n","protected":false},"author":1212,"featured_media":0,"parent":35,"menu_order":7,"comment_status":"closed","ping_status":"closed","template":"","meta":[],"_links":{"self":[{"href":"http:\/\/www.petra-busch.de\/pb\/index.php?rest_route=\/wp\/v2\/pages\/2341"}],"collection":[{"href":"http:\/\/www.petra-busch.de\/pb\/index.php?rest_route=\/wp\/v2\/pages"}],"about":[{"href":"http:\/\/www.petra-busch.de\/pb\/index.php?rest_route=\/wp\/v2\/types\/page"}],"author":[{"embeddable":true,"href":"http:\/\/www.petra-busch.de\/pb\/index.php?rest_route=\/wp\/v2\/users\/1212"}],"replies":[{"embeddable":true,"href":"http:\/\/www.petra-busch.de\/pb\/index.php?rest_route=%2Fwp%2Fv2%2Fcomments&post=2341"}],"version-history":[{"count":14,"href":"http:\/\/www.petra-busch.de\/pb\/index.php?rest_route=\/wp\/v2\/pages\/2341\/revisions"}],"predecessor-version":[{"id":2684,"href":"http:\/\/www.petra-busch.de\/pb\/index.php?rest_route=\/wp\/v2\/pages\/2341\/revisions\/2684"}],"up":[{"embeddable":true,"href":"http:\/\/www.petra-busch.de\/pb\/index.php?rest_route=\/wp\/v2\/pages\/35"}],"wp:attachment":[{"href":"http:\/\/www.petra-busch.de\/pb\/index.php?rest_route=%2Fwp%2Fv2%2Fmedia&parent=2341"}],"curies":[{"name":"wp","href":"https:\/\/api.w.org\/{rel}","templated":true}]}}