{"id":1639,"date":"2012-09-23T23:42:39","date_gmt":"2012-09-23T21:42:39","guid":{"rendered":"http:\/\/www.petra-busch.de\/pb\/?page_id=1639"},"modified":"2013-05-18T22:41:55","modified_gmt":"2013-05-18T20:41:55","slug":"erich-lacht","status":"publish","type":"page","link":"http:\/\/www.petra-busch.de\/pb\/?page_id=1639","title":{"rendered":"Erich lacht"},"content":{"rendered":"<p><a href=\"http:\/\/www.petra-busch.de\/pb\/wp-content\/uploads\/2012\/09\/Cover_Busch_-Gloeckchen-Gift-Gaensebraten.jpg\"><img decoding=\"async\" loading=\"lazy\" class=\"alignleft size-full wp-image-1641\" title=\"Cover_Busch_ Gloeckchen-Gift-Gaensebraten\" alt=\"\" src=\"http:\/\/www.petra-busch.de\/pb\/wp-content\/uploads\/2012\/09\/Cover_Busch_-Gloeckchen-Gift-Gaensebraten.jpg\" width=\"165\" height=\"250\" \/><\/a>&#8222;Vielleicht h\u00e4tte ich nicht zu diesem Rommeenachmittag gehen sollen. Im Fr\u00fchling, als wir nach dem langen Winter zum ersten Mal im Garten sa\u00dfen, den Primelduft einsogen und hinter gro\u00dfen Sonnenbrillen in unsere Karten blinzelten wie zwei Verbrecherinnen. Marlene war es, die mich auf die Idee gebracht hatte. &#8218;Schenk Erich doch eine Fahrt mit dem Dampfzug zum drei\u00dfigsten Hochzeitstag, Inge!&#8216;, hatte meine Freundin gesagt, und ihre rosa K\u00f6nigspudell\u00f6ckchen hatten gezittert. &#8218;Damit k\u00f6derst du ihn garantiert.'&#8220;<\/p>\n<p>Einige Monate sp\u00e4ter ist der Erich tot.\u00a0<em>Leiche freigegeben, <\/em>steht \u00fcber seinem Foto in der Silvesterausgabe der Zeitung. Von seinem K\u00f6rper sei kaum etwas \u00fcbriggeblieben. Fleischklumpen. Durchtrennte Knochen. Seine Gesichtshaut sei wie eine Gummifratze auf der Schiene geklebt, sagt der Rechtsmediziner. Das alles wei\u00df Inge l\u00e4ngst. Sie erinnert sich jedes Detail, auch jetzt noch, als sie allein in dem Hotelzimmer sitzt, in dem Erich und sie gewohnt haben. Nur eines irritiert sie gewaltig, als sie sein Foto anblickt: dass <strong>&#8222;Erich lacht&#8220;<\/strong>. Als sie begreift, ist es im wahrsten Wortsinne \u00a0kurz vor Zw\u00f6lf \u2026<\/p>\n<p><strong>Die<\/strong><strong> Autorinnen und Autoren:<\/strong><\/p>\n<p>Friedrich Ani, Helga Beyersd\u00f6rfer,\u00a0Richard Birkefeld, Mechthild Borrmann, Wolfgang Burger, Petra Busch,\u00a0Romy F\u00f6lck,\u00a0Nicola F\u00f6rg,\u00a0Christiane Franke, Nina George, Thomas Kastura, Karen Kieback, Regine K\u00f6lpin, Tatjana Kruse,\u00a0Cornelia Kuhnert, Christian Limmer, Sandra L\u00fcpkes,\u00a0Judith Merchant,\u00a0Susanne Mischke, Ingrid Noll,\u00a0Gisa Pauly, Thomas Raab, \u00a0Sabine Thomas, Sabine Trinkaus.<\/p>\n<p><strong>Johannes Engelke (Hg.): Gl\u00f6ckchen, Gift und G\u00e4nsebraten.<br \/>\n<\/strong>24 Weihnachtskrimis von R\u00fcgen bis ins Zillertal.<br \/>\n<strong>Taschenbuch &amp; eBook:<\/strong> 336 Seiten<br \/>\n<strong>Verlag:<\/strong> Knaur (1. Oktober 2012)<br \/>\n<strong>ISBN:<\/strong> 978-3426512777<br \/>\n<strong>ISBN EPUB<\/strong> 978-3426-41552-8<br \/>\n<strong>ASIN (Kindle):<\/strong> B008B1TJSO<\/p>\n<p><strong> <\/strong><strong>Preis:<\/strong> 9,99 Euro<\/p>\n<p><a href=\"http:\/\/www.droemer-knaur.de\/buecher\/Gl\u00f6ckchen%2C+Gift+und+G\u00e4nsebraten.7780170.html\" target=\"_blank\">Buch bestellen<\/a><br \/>\n<a href=\"http:\/\/www.droemer-knaur.de\/ebooks\/Gl\u00f6ckchen%2C+Gift+und+G\u00e4nsebraten.7780169.html\" target=\"_blank\">Knaur\u00a0E-Book kaufen<\/a><br \/>\n<a href=\"http:\/\/www.amazon.de\/Gl\u00f6ckchen-Gift-G\u00e4nsebraten-Weihnachtskrimis-ebook\/dp\/B008B1TJSO\/ref=sr_1_2?ie=UTF8&amp;qid=1348436490&amp;sr=8-2\" target=\"_blank\">Kindle E-Book kaufen<\/a><\/p>\n","protected":false},"excerpt":{"rendered":"<p>&#8222;Vielleicht h\u00e4tte ich nicht zu diesem Rommeenachmittag gehen sollen. Im Fr\u00fchling, als wir nach dem langen Winter zum ersten Mal im Garten sa\u00dfen, den Primelduft einsogen und hinter gro\u00dfen Sonnenbrillen in unsere Karten blinzelten wie zwei Verbrecherinnen. Marlene war es, die mich auf die Idee gebracht hatte. &#8218;Schenk Erich doch eine Fahrt mit dem Dampfzug [&hellip;]<\/p>\n","protected":false},"author":1212,"featured_media":0,"parent":39,"menu_order":15,"comment_status":"closed","ping_status":"closed","template":"","meta":[],"_links":{"self":[{"href":"http:\/\/www.petra-busch.de\/pb\/index.php?rest_route=\/wp\/v2\/pages\/1639"}],"collection":[{"href":"http:\/\/www.petra-busch.de\/pb\/index.php?rest_route=\/wp\/v2\/pages"}],"about":[{"href":"http:\/\/www.petra-busch.de\/pb\/index.php?rest_route=\/wp\/v2\/types\/page"}],"author":[{"embeddable":true,"href":"http:\/\/www.petra-busch.de\/pb\/index.php?rest_route=\/wp\/v2\/users\/1212"}],"replies":[{"embeddable":true,"href":"http:\/\/www.petra-busch.de\/pb\/index.php?rest_route=%2Fwp%2Fv2%2Fcomments&post=1639"}],"version-history":[{"count":15,"href":"http:\/\/www.petra-busch.de\/pb\/index.php?rest_route=\/wp\/v2\/pages\/1639\/revisions"}],"predecessor-version":[{"id":1648,"href":"http:\/\/www.petra-busch.de\/pb\/index.php?rest_route=\/wp\/v2\/pages\/1639\/revisions\/1648"}],"up":[{"embeddable":true,"href":"http:\/\/www.petra-busch.de\/pb\/index.php?rest_route=\/wp\/v2\/pages\/39"}],"wp:attachment":[{"href":"http:\/\/www.petra-busch.de\/pb\/index.php?rest_route=%2Fwp%2Fv2%2Fmedia&parent=1639"}],"curies":[{"name":"wp","href":"https:\/\/api.w.org\/{rel}","templated":true}]}}