{"id":1507,"date":"2012-05-17T10:47:43","date_gmt":"2012-05-17T08:47:43","guid":{"rendered":"http:\/\/www.petra-busch.de\/pb\/?page_id=1507"},"modified":"2013-05-18T22:37:33","modified_gmt":"2013-05-18T20:37:33","slug":"zeig-mir-den-tod","status":"publish","type":"page","link":"http:\/\/www.petra-busch.de\/pb\/?page_id=1507","title":{"rendered":"Zeig mir den Tod"},"content":{"rendered":"<p><strong>Der dritte Fall f\u00fcr Hauptkommissar Moritz Ehrlinspiel und sein Team.<\/strong><\/p>\n<p><a href=\"http:\/\/www.petra-busch.de\/pb\/wp-content\/uploads\/2012\/05\/Cover_Busch_Zeig-mir-den-Tod.jpg\"><img decoding=\"async\" loading=\"lazy\" class=\"alignleft size-full wp-image-1510\" title=\"Cover_Busch_Zeig mir den Tod\" alt=\"\" src=\"http:\/\/www.petra-busch.de\/pb\/wp-content\/uploads\/2012\/05\/Cover_Busch_Zeig-mir-den-Tod.jpg\" width=\"160\" height=\"250\" \/><\/a>Der Schauspieler G\u00fcnther Assmann glaubt sich vor dem internationalen Durchbruch. Hinter den Kulissen hat er viel daf\u00fcr getan: intrigiert, gelogen, betrogen. Als kurz vor der entscheidenden Premiere seine Kinder Marius und Rebecca verschwinden, zerbricht die sch\u00f6ne Welt von Schein und Sein \u2013 und ein perfides Spiel beginnt. Der Entf\u00fchrer will kein Geld, sondern stellt R\u00e4tselaufgaben. Die L\u00f6sung soll Assmann auf der B\u00fchne darbieten, sonst sterben die Kinder. Viel Zeit bleibt ihm nicht: Rebecca ben\u00f6tigt lebenswichtige Medikamente. Um sie zu retten, muss Kommissar Ehrlinspiel den Fall so schnell wie m\u00f6glich l\u00f6sen &#8230;<\/p>\n<p><span style=\"color: #808080;\"><strong>Pressestimmen:<\/strong><\/span><\/p>\n<p><span style=\"color: #808080;\">&#8222;Letztlich geht es um gro\u00dfe Lieben und Leidenschaften, und von diesen Dingen erz\u00e4hlt Petra Busch spannend und einf\u00fchlsam.&#8220; (<em>S\u00fcddeutsche Zeitung<\/em>, 8.3.13)<\/span><\/p>\n<p><span style=\"color: #808080;\">&#8222;So einf\u00fchlsam und genau wie Petra Busch erz\u00e4hlt im Augenblick keine andere deutsche Autorin von Verbrechen und Mord.&#8220; (<em>WDR<\/em>)<\/span><\/p>\n<p><span style=\"color: #808080;\">&#8222;Sie hat das Zeug zur gro\u00dfen deutschen Dame des Verbrechens: Petra Busch, die ihren Kommissar Ehrlinspiel nun schon seinen dritten Fall in der Region Freiburg l\u00f6sen l\u00e4sst. (&#8230;) \u00dcber 400 Seiten lang gelingt es Petra Busch scheinbar m\u00fchelos, die F\u00e4den des m\u00f6rderischen Verwirrspiels in der Hand zu behalten und nebenbei ihre Hauptfiguren mit glasklaren Konturen zu versehen. Unheimlich spannend &#8211; im wahrsten Sinne des Wortes!&#8220; (<em>Badisches Tagblatt<\/em>. 13.4.2013)<\/span><\/p>\n<p><span style=\"color: #808080;\">&#8222;Buschs skurrile Ideen und die ungemein feine Zeichnung der Figuren machen den Psychokrimi zum Leseerlebnis der Extraklasse.&#8220; (<em>PETRA &#8211; Buchspezial<\/em>, 1.5.2013)<\/span><\/p>\n<p><span style=\"color: #808080;\">\u00a0<\/span><\/p>\n<p><span style=\"color: #000000;\"><strong> Taschenbuch &amp; Knaur eBook:<\/strong> 448 Seiten<strong><br \/>\nVerlag:<\/strong> Droemer Knaur (1. M\u00e4rz 2013)<strong> <\/strong><strong><br \/>\nISBN Taschenbuch:<\/strong> <strong> <\/strong>978-3-426-51124-4<\/span><br \/>\n<span style=\"color: #000000;\"> <strong>ISBN eBook: <\/strong>978-3-426-41374-6<\/span><br \/>\n<span style=\"color: #000000;\"> <strong>Preis:<\/strong> 9,99 Euro<\/span><\/p>\n<p><a href=\"http:\/\/www.droemer-knaur.de\/buecher\/Zeig+mir+den+Tod.7774601.html\" target=\"_blank\">Taschenbuch bestellen<br \/>\n<\/a><a href=\"http:\/\/www.droemer-knaur.de\/sixcms\/detail.php?template=dkr_buch_detail&amp;id=7774603\" target=\"_blank\">E-Book kaufen<br \/>\n<\/a><a href=\"http:\/\/www.amazon.de\/Zeig-mir-den-Tod-Kriminalroman\/dp\/342651124X\/ref=sr_1_1?ie=UTF8&amp;qid=1337337561&amp;sr=8-1\" target=\"_blank\">Buch bei amazon<br \/>\n<\/a><a href=\"http:\/\/www.audible.de\/pd\/B00BLJ98BG\" target=\"_blank\">H\u00f6rbuch bei audible.de herunterladen<\/a> \u2013 ungek\u00fcrzte Buchfassung (12 Stunden, 7 Minuten; gelesen von Lutz Riedel \u2013 Synchronsprecher u. a. von Timothy Dalton, Richard Gere, Alec Baldwin)<\/p>\n<p>&nbsp;<\/p>\n<p>&nbsp;<\/p>\n","protected":false},"excerpt":{"rendered":"<p>Der dritte Fall f\u00fcr Hauptkommissar Moritz Ehrlinspiel und sein Team. Der Schauspieler G\u00fcnther Assmann glaubt sich vor dem internationalen Durchbruch. Hinter den Kulissen hat er viel daf\u00fcr getan: intrigiert, gelogen, betrogen. Als kurz vor der entscheidenden Premiere seine Kinder Marius und Rebecca verschwinden, zerbricht die sch\u00f6ne Welt von Schein und Sein \u2013 und ein perfides [&hellip;]<\/p>\n","protected":false},"author":1212,"featured_media":0,"parent":35,"menu_order":8,"comment_status":"closed","ping_status":"closed","template":"","meta":[],"_links":{"self":[{"href":"http:\/\/www.petra-busch.de\/pb\/index.php?rest_route=\/wp\/v2\/pages\/1507"}],"collection":[{"href":"http:\/\/www.petra-busch.de\/pb\/index.php?rest_route=\/wp\/v2\/pages"}],"about":[{"href":"http:\/\/www.petra-busch.de\/pb\/index.php?rest_route=\/wp\/v2\/types\/page"}],"author":[{"embeddable":true,"href":"http:\/\/www.petra-busch.de\/pb\/index.php?rest_route=\/wp\/v2\/users\/1212"}],"replies":[{"embeddable":true,"href":"http:\/\/www.petra-busch.de\/pb\/index.php?rest_route=%2Fwp%2Fv2%2Fcomments&post=1507"}],"version-history":[{"count":35,"href":"http:\/\/www.petra-busch.de\/pb\/index.php?rest_route=\/wp\/v2\/pages\/1507\/revisions"}],"predecessor-version":[{"id":2047,"href":"http:\/\/www.petra-busch.de\/pb\/index.php?rest_route=\/wp\/v2\/pages\/1507\/revisions\/2047"}],"up":[{"embeddable":true,"href":"http:\/\/www.petra-busch.de\/pb\/index.php?rest_route=\/wp\/v2\/pages\/35"}],"wp:attachment":[{"href":"http:\/\/www.petra-busch.de\/pb\/index.php?rest_route=%2Fwp%2Fv2%2Fmedia&parent=1507"}],"curies":[{"name":"wp","href":"https:\/\/api.w.org\/{rel}","templated":true}]}}